{"id":2746,"date":"2023-11-20T15:49:25","date_gmt":"2023-11-20T15:49:25","guid":{"rendered":"https:\/\/ifmsaspain.org\/?page_id=2746"},"modified":"2023-11-20T15:56:08","modified_gmt":"2023-11-20T15:56:08","slug":"eventos","status":"publish","type":"page","link":"https:\/\/ifmsaspain.org\/index.php\/eventos\/","title":{"rendered":"Eventos"},"content":{"rendered":"\t\t<div data-elementor-type=\"wp-page\" data-elementor-id=\"2746\" class=\"elementor elementor-2746\">\n\t\t\t\t\t\t\t\t\t<section class=\"elementor-section elementor-top-section elementor-element elementor-element-2f8b35a0 elementor-section-content-middle elementor-section-boxed elementor-section-height-default elementor-section-height-default\" data-id=\"2f8b35a0\" data-element_type=\"section\" data-settings=\"{&quot;background_background&quot;:&quot;classic&quot;}\">\n\t\t\t\t\t\t<div class=\"elementor-container elementor-column-gap-no\">\n\t\t\t\t\t<div class=\"elementor-column elementor-col-100 elementor-top-column elementor-element elementor-element-1fb270b5\" data-id=\"1fb270b5\" data-element_type=\"column\">\n\t\t\t<div class=\"elementor-widget-wrap elementor-element-populated\">\n\t\t\t\t\t\t\t\t<div class=\"elementor-element elementor-element-3cf30fee elementor-widget elementor-widget-heading\" data-id=\"3cf30fee\" data-element_type=\"widget\" data-widget_type=\"heading.default\">\n\t\t\t\t<div class=\"elementor-widget-container\">\n\t\t\t<style>\/*! elementor - v3.17.0 - 08-11-2023 *\/\n.elementor-heading-title{padding:0;margin:0;line-height:1}.elementor-widget-heading .elementor-heading-title[class*=elementor-size-]>a{color:inherit;font-size:inherit;line-height:inherit}.elementor-widget-heading .elementor-heading-title.elementor-size-small{font-size:15px}.elementor-widget-heading .elementor-heading-title.elementor-size-medium{font-size:19px}.elementor-widget-heading .elementor-heading-title.elementor-size-large{font-size:29px}.elementor-widget-heading .elementor-heading-title.elementor-size-xl{font-size:39px}.elementor-widget-heading .elementor-heading-title.elementor-size-xxl{font-size:59px}<\/style><h4 class=\"elementor-heading-title elementor-size-default\">Eventos y reuniones<\/h4>\t\t<\/div>\n\t\t\t\t<\/div>\n\t\t\t\t<div class=\"elementor-element elementor-element-6d1d9348 elementor-widget elementor-widget-text-editor\" data-id=\"6d1d9348\" data-element_type=\"widget\" data-widget_type=\"text-editor.default\">\n\t\t\t\t<div class=\"elementor-widget-container\">\n\t\t\t<style>\/*! elementor - v3.17.0 - 08-11-2023 *\/\n.elementor-widget-text-editor.elementor-drop-cap-view-stacked .elementor-drop-cap{background-color:#69727d;color:#fff}.elementor-widget-text-editor.elementor-drop-cap-view-framed .elementor-drop-cap{color:#69727d;border:3px solid;background-color:transparent}.elementor-widget-text-editor:not(.elementor-drop-cap-view-default) .elementor-drop-cap{margin-top:8px}.elementor-widget-text-editor:not(.elementor-drop-cap-view-default) .elementor-drop-cap-letter{width:1em;height:1em}.elementor-widget-text-editor .elementor-drop-cap{float:left;text-align:center;line-height:1;font-size:50px}.elementor-widget-text-editor .elementor-drop-cap-letter{display:inline-block}<\/style>\t\t\t\t<p>A lo largo del a\u00f1o, IFMSA-Spain organiza y supervisa la organizaci\u00f3n de diversos eventos y talleres formativos as\u00ed como reuniones de \u00e1mbito regional y nacional. La mayor\u00eda de ellos est\u00e1n abiertos a estudiantes miembros de alguno de los Comit\u00e9s Locales que componen nuestra federaci\u00f3n. Otros, pueden estar abiertos a cualquier estudiante.<\/p>\t\t\t\t\t\t<\/div>\n\t\t\t\t<\/div>\n\t\t\t\t\t<\/div>\n\t\t<\/div>\n\t\t\t\t\t\t\t<\/div>\n\t\t<\/section>\n\t\t\t\t<section class=\"elementor-section elementor-top-section elementor-element elementor-element-580df15d elementor-section-content-middle elementor-section-boxed elementor-section-height-default elementor-section-height-default\" data-id=\"580df15d\" data-element_type=\"section\">\n\t\t\t\t\t\t<div class=\"elementor-container elementor-column-gap-no\">\n\t\t\t\t\t<div class=\"elementor-column elementor-col-100 elementor-top-column elementor-element elementor-element-430a22c8\" data-id=\"430a22c8\" data-element_type=\"column\">\n\t\t\t<div class=\"elementor-widget-wrap elementor-element-populated\">\n\t\t\t\t\t\t\t\t<div class=\"elementor-element elementor-element-36e5f31b elementor-widget elementor-widget-heading\" data-id=\"36e5f31b\" data-element_type=\"widget\" data-widget_type=\"heading.default\">\n\t\t\t\t<div class=\"elementor-widget-container\">\n\t\t\t<h4 class=\"elementor-heading-title elementor-size-default\">REUNIONES<\/h4>\t\t<\/div>\n\t\t\t\t<\/div>\n\t\t\t\t<div class=\"elementor-element elementor-element-139ca87 elementor-widget elementor-widget-text-editor\" data-id=\"139ca87\" data-element_type=\"widget\" data-widget_type=\"text-editor.default\">\n\t\t\t\t<div class=\"elementor-widget-container\">\n\t\t\t\t\t\t\t<p>Anulamente se celebran varias reuniones: Reuni\u00f3n Nacional (RN), Reuni\u00f3n Intermedia Formativa (RI) y las Reuniones Regionales (RR) a las que se suman las reuniones del Equipo de Coordinaci\u00f3n.<\/p>\t\t\t\t\t\t<\/div>\n\t\t\t\t<\/div>\n\t\t\t\t<section class=\"elementor-section elementor-inner-section elementor-element elementor-element-5d816a76 elementor-section-boxed elementor-section-height-default elementor-section-height-default\" data-id=\"5d816a76\" data-element_type=\"section\">\n\t\t\t\t\t\t<div class=\"elementor-container elementor-column-gap-wider\">\n\t\t\t\t\t<div class=\"elementor-column elementor-col-100 elementor-inner-column elementor-element elementor-element-46cf830d\" data-id=\"46cf830d\" data-element_type=\"column\">\n\t\t\t<div class=\"elementor-widget-wrap elementor-element-populated\">\n\t\t\t\t\t\t\t\t<div class=\"elementor-element elementor-element-2161ab4d elementor-widget elementor-widget-heading\" data-id=\"2161ab4d\" data-element_type=\"widget\" data-widget_type=\"heading.default\">\n\t\t\t\t<div class=\"elementor-widget-container\">\n\t\t\t<h2 class=\"elementor-heading-title elementor-size-default\">REUNI\u00d3N NACIONAL<\/h2>\t\t<\/div>\n\t\t\t\t<\/div>\n\t\t\t\t<div class=\"elementor-element elementor-element-395f0897 elementor-widget elementor-widget-text-editor\" data-id=\"395f0897\" data-element_type=\"widget\" data-widget_type=\"text-editor.default\">\n\t\t\t\t<div class=\"elementor-widget-container\">\n\t\t\t\t\t\t\t<p>La Reuni\u00f3n Nacional es uno de los eventos m\u00e1s importantes celebrados por IFMSA-Spain. En ella, se re\u00fanen los representantes de todos los Comit\u00e9s Locales que componen la Federaci\u00f3n, llegando a encontrarse m\u00e1s de 150 estudiantes de medicina de toda Espa\u00f1a, para tomar decisiones sobre el futuro de IFMSA-Spain en la Asamblea General Ordinaria.\u00a0<\/p><p>En esta Asamblea General Ordinaria se toman decisiones como:<\/p><ul><li>Elecci\u00f3n del Equipo de Coordinaci\u00f3n, Comisi\u00f3n Supervisora y Enlaces Oficiales.<\/li><li>Elecci\u00f3n de los Comit\u00e9s Organizadores de las posteriores reuniones.\u00a0<\/li><li>Aprobaci\u00f3n y ratificaci\u00f3n de Documentos de Posici\u00f3n.\u00a0<\/li><li>Revisi\u00f3n del estado de las cuentas de la Federaci\u00f3n.<\/li><\/ul><div>Adem\u00e1s, \u00e9ste espacio es utilizado para inspirar a la pr\u00f3xima generaci\u00f3n de futuros profesionales\u00a0 y l\u00edderes de la salud a trav\u00e9s del intercambio de ideas, creaci\u00f3n de redes personales y el aprendizaje en las diferentes sesiones y talleres organizados durante el evento. En estas sesiones se incluye: actividades de cada Comit\u00e9 Permanente, sesiones de funcionamiento interno, talleres\u00a0 de Formaci\u00f3n no Formal, presentaci\u00f3n de proyectos, etc.<\/div><div><br \/>Esta reuni\u00f3n suele estar precedida por un evento previo de una duraci\u00f3n aproximada de 3 d\u00edas, en el que se imparten diversos talleres relacionado con las necesidades y prioridades espec\u00edficas del estudiantado de medicina de Espa\u00f1a.<\/div>\t\t\t\t\t\t<\/div>\n\t\t\t\t<\/div>\n\t\t\t\t\t<\/div>\n\t\t<\/div>\n\t\t\t\t\t\t\t<\/div>\n\t\t<\/section>\n\t\t\t\t<section class=\"elementor-section elementor-inner-section elementor-element elementor-element-7633d05e elementor-section-boxed elementor-section-height-default elementor-section-height-default\" data-id=\"7633d05e\" data-element_type=\"section\">\n\t\t\t\t\t\t<div class=\"elementor-container elementor-column-gap-wider\">\n\t\t\t\t\t<div class=\"elementor-column elementor-col-50 elementor-inner-column elementor-element elementor-element-53fab75c\" data-id=\"53fab75c\" data-element_type=\"column\">\n\t\t\t<div class=\"elementor-widget-wrap elementor-element-populated\">\n\t\t\t\t\t\t\t\t<div class=\"elementor-element elementor-element-12bdda08 elementor-widget elementor-widget-heading\" data-id=\"12bdda08\" data-element_type=\"widget\" data-widget_type=\"heading.default\">\n\t\t\t\t<div class=\"elementor-widget-container\">\n\t\t\t<h2 class=\"elementor-heading-title elementor-size-default\">REUNI\u00d3N INTERMEDIA<\/h2>\t\t<\/div>\n\t\t\t\t<\/div>\n\t\t\t\t<div class=\"elementor-element elementor-element-336b07ea elementor-widget elementor-widget-text-editor\" data-id=\"336b07ea\" data-element_type=\"widget\" data-widget_type=\"text-editor.default\">\n\t\t\t\t<div class=\"elementor-widget-container\">\n\t\t\t\t\t\t\t<p>Con un objetivo m\u00e1s formativo, en la Reuni\u00f3n Intermedia se re\u00fanen m\u00e1s de un centenar de estudiantes para abordar problem\u00e1ticas relacionadas con la Educaci\u00f3n y la Salud.<\/p>\t\t\t\t\t\t<\/div>\n\t\t\t\t<\/div>\n\t\t\t\t\t<\/div>\n\t\t<\/div>\n\t\t\t\t<div class=\"elementor-column elementor-col-50 elementor-inner-column elementor-element elementor-element-eec6721\" data-id=\"eec6721\" data-element_type=\"column\">\n\t\t\t<div class=\"elementor-widget-wrap elementor-element-populated\">\n\t\t\t\t\t\t\t\t<div class=\"elementor-element elementor-element-61bea7f4 elementor-widget elementor-widget-heading\" data-id=\"61bea7f4\" data-element_type=\"widget\" data-widget_type=\"heading.default\">\n\t\t\t\t<div class=\"elementor-widget-container\">\n\t\t\t<h2 class=\"elementor-heading-title elementor-size-default\">REUNIONES REGIONALES<\/h2>\t\t<\/div>\n\t\t\t\t<\/div>\n\t\t\t\t<div class=\"elementor-element elementor-element-5770b3ac elementor-widget elementor-widget-text-editor\" data-id=\"5770b3ac\" data-element_type=\"widget\" data-widget_type=\"text-editor.default\">\n\t\t\t\t<div class=\"elementor-widget-container\">\n\t\t\t\t\t\t\t<p>Las Reuniones Regionales se llevan a cabo cada a\u00f1o en cada una de las regiones de IFMSA-Spain (norte, centro, este y sur), organizadas por un Comit\u00e9 Local de la regi\u00f3n respectiva.<\/p>\t\t\t\t\t\t<\/div>\n\t\t\t\t<\/div>\n\t\t\t\t\t<\/div>\n\t\t<\/div>\n\t\t\t\t\t\t\t<\/div>\n\t\t<\/section>\n\t\t\t\t<section class=\"elementor-section elementor-inner-section elementor-element elementor-element-1bcf68b elementor-section-boxed elementor-section-height-default elementor-section-height-default\" data-id=\"1bcf68b\" data-element_type=\"section\">\n\t\t\t\t\t\t<div class=\"elementor-container elementor-column-gap-wider\">\n\t\t\t\t\t<div class=\"elementor-column elementor-col-100 elementor-inner-column elementor-element elementor-element-e7f5282\" data-id=\"e7f5282\" data-element_type=\"column\">\n\t\t\t<div class=\"elementor-widget-wrap elementor-element-populated\">\n\t\t\t\t\t\t\t\t<div class=\"elementor-element elementor-element-66b595e elementor-widget elementor-widget-heading\" data-id=\"66b595e\" data-element_type=\"widget\" data-widget_type=\"heading.default\">\n\t\t\t\t<div class=\"elementor-widget-container\">\n\t\t\t<h2 class=\"elementor-heading-title elementor-size-default\">REUNIONES DEL EQUIPO DE COORDINACI\u00d3N<\/h2>\t\t<\/div>\n\t\t\t\t<\/div>\n\t\t\t\t<div class=\"elementor-element elementor-element-c6827e8 elementor-widget__width-initial elementor-widget elementor-widget-text-editor\" data-id=\"c6827e8\" data-element_type=\"widget\" data-widget_type=\"text-editor.default\">\n\t\t\t\t<div class=\"elementor-widget-container\">\n\t\t\t\t\t\t\t<p>Estas reuniones internas son de suma importancia, pues permite discutir asuntos administrativos y estrat\u00e9gicos de la Federaci\u00f3n.\u00a0<\/p><p>A lo largo del a\u00f1o suelen celebrarse 3:<\/p><ul><li>TOM0. Se realiza durante los primeros d\u00edas tras el inicio del mandato, en noviembre. Su objetivo principal es formar equipo y definir m\u00e9todos de trabajo y estrategias para el a\u00f1o.\u00a0<\/li><li>TOM1. Justo antes de la Reuni\u00f3n Intermedia, con el objetivo de terminar preparativos del encuentro y realizar un an\u00e1lisis de estado.\u00a0<\/li><li>TOM2. Justo antes de la Reuni\u00f3n Nacional.<\/li><\/ul>\t\t\t\t\t\t<\/div>\n\t\t\t\t<\/div>\n\t\t\t\t<div class=\"elementor-element elementor-element-83a7b95 elementor-widget elementor-widget-image\" data-id=\"83a7b95\" data-element_type=\"widget\" data-widget_type=\"image.default\">\n\t\t\t\t<div class=\"elementor-widget-container\">\n\t\t\t<style>\/*! elementor - v3.17.0 - 08-11-2023 *\/\n.elementor-widget-image{text-align:center}.elementor-widget-image a{display:inline-block}.elementor-widget-image a img[src$=\".svg\"]{width:48px}.elementor-widget-image img{vertical-align:middle;display:inline-block}<\/style>\t\t\t\t\t\t\t\t\t\t\t\t<img loading=\"lazy\" decoding=\"async\" width=\"300\" height=\"300\" src=\"https:\/\/ifmsaspain.org\/wp-content\/uploads\/2023\/11\/PRIMERA-REUNION-DEL-EQUIPO-DE-COORDINACION-ENLACES-OFICIALES-Y-COMISION-SUPERVISORA-DE-IFMSA-SPAIN-DEL-PERIODO-20232024-300x300.png\" class=\"attachment-medium size-medium wp-image-2748\" alt=\"\" srcset=\"https:\/\/ifmsaspain.org\/wp-content\/uploads\/2023\/11\/PRIMERA-REUNION-DEL-EQUIPO-DE-COORDINACION-ENLACES-OFICIALES-Y-COMISION-SUPERVISORA-DE-IFMSA-SPAIN-DEL-PERIODO-20232024-300x300.png 300w, https:\/\/ifmsaspain.org\/wp-content\/uploads\/2023\/11\/PRIMERA-REUNION-DEL-EQUIPO-DE-COORDINACION-ENLACES-OFICIALES-Y-COMISION-SUPERVISORA-DE-IFMSA-SPAIN-DEL-PERIODO-20232024-1024x1024.png 1024w, https:\/\/ifmsaspain.org\/wp-content\/uploads\/2023\/11\/PRIMERA-REUNION-DEL-EQUIPO-DE-COORDINACION-ENLACES-OFICIALES-Y-COMISION-SUPERVISORA-DE-IFMSA-SPAIN-DEL-PERIODO-20232024-150x150.png 150w, https:\/\/ifmsaspain.org\/wp-content\/uploads\/2023\/11\/PRIMERA-REUNION-DEL-EQUIPO-DE-COORDINACION-ENLACES-OFICIALES-Y-COMISION-SUPERVISORA-DE-IFMSA-SPAIN-DEL-PERIODO-20232024-768x768.png 768w, https:\/\/ifmsaspain.org\/wp-content\/uploads\/2023\/11\/PRIMERA-REUNION-DEL-EQUIPO-DE-COORDINACION-ENLACES-OFICIALES-Y-COMISION-SUPERVISORA-DE-IFMSA-SPAIN-DEL-PERIODO-20232024.png 1080w\" sizes=\"auto, (max-width: 300px) 100vw, 300px\" \/>\t\t\t\t\t\t\t\t\t\t\t\t\t\t\t<\/div>\n\t\t\t\t<\/div>\n\t\t\t\t\t<\/div>\n\t\t<\/div>\n\t\t\t\t\t\t\t<\/div>\n\t\t<\/section>\n\t\t\t\t\t<\/div>\n\t\t<\/div>\n\t\t\t\t\t\t\t<\/div>\n\t\t<\/section>\n\t\t\t\t\t\t\t<\/div>\n\t\t","protected":false},"excerpt":{"rendered":"<p>Eventos y reuniones A lo largo del a\u00f1o, IFMSA-Spain organiza y supervisa la organizaci\u00f3n de diversos eventos y talleres formativos as\u00ed como reuniones de \u00e1mbito regional y nacional. La mayor\u00eda de ellos est\u00e1n abiertos a estudiantes miembros de alguno de los Comit\u00e9s Locales que componen nuestra federaci\u00f3n. Otros, pueden estar abiertos a cualquier estudiante. REUNIONES [&hellip;]<\/p>\n","protected":false},"author":1,"featured_media":0,"parent":0,"menu_order":0,"comment_status":"closed","ping_status":"closed","template":"","meta":{"site-sidebar-layout":"no-sidebar","site-content-layout":"","ast-site-content-layout":"full-width-container","site-content-style":"default","site-sidebar-style":"default","ast-global-header-display":"","ast-banner-title-visibility":"","ast-main-header-display":"","ast-hfb-above-header-display":"","ast-hfb-below-header-display":"","ast-hfb-mobile-header-display":"","site-post-title":"disabled","ast-breadcrumbs-content":"","ast-featured-img":"disabled","footer-sml-layout":"","theme-transparent-header-meta":"","adv-header-id-meta":"","stick-header-meta":"","header-above-stick-meta":"","header-main-stick-meta":"","header-below-stick-meta":"","astra-migrate-meta-layouts":"default","ast-page-background-enabled":"default","ast-page-background-meta":{"desktop":{"background-color":"var(--ast-global-color-4)","background-image":"","background-repeat":"repeat","background-position":"center center","background-size":"auto","background-attachment":"scroll","background-type":"","background-media":"","overlay-type":"","overlay-color":"","overlay-opacity":"","overlay-gradient":""},"tablet":{"background-color":"","background-image":"","background-repeat":"repeat","background-position":"center center","background-size":"auto","background-attachment":"scroll","background-type":"","background-media":"","overlay-type":"","overlay-color":"","overlay-opacity":"","overlay-gradient":""},"mobile":{"background-color":"","background-image":"","background-repeat":"repeat","background-position":"center center","background-size":"auto","background-attachment":"scroll","background-type":"","background-media":"","overlay-type":"","overlay-color":"","overlay-opacity":"","overlay-gradient":""}},"ast-content-background-meta":{"desktop":{"background-color":"var(--ast-global-color-5)","background-image":"","background-repeat":"repeat","background-position":"center center","background-size":"auto","background-attachment":"scroll","background-type":"","background-media":"","overlay-type":"","overlay-color":"","overlay-opacity":"","overlay-gradient":""},"tablet":{"background-color":"var(--ast-global-color-5)","background-image":"","background-repeat":"repeat","background-position":"center center","background-size":"auto","background-attachment":"scroll","background-type":"","background-media":"","overlay-type":"","overlay-color":"","overlay-opacity":"","overlay-gradient":""},"mobile":{"background-color":"var(--ast-global-color-5)","background-image":"","background-repeat":"repeat","background-position":"center center","background-size":"auto","background-attachment":"scroll","background-type":"","background-media":"","overlay-type":"","overlay-color":"","overlay-opacity":"","overlay-gradient":""}},"footnotes":""},"class_list":["post-2746","page","type-page","status-publish","hentry"],"_links":{"self":[{"href":"https:\/\/ifmsaspain.org\/index.php\/wp-json\/wp\/v2\/pages\/2746","targetHints":{"allow":["GET"]}}],"collection":[{"href":"https:\/\/ifmsaspain.org\/index.php\/wp-json\/wp\/v2\/pages"}],"about":[{"href":"https:\/\/ifmsaspain.org\/index.php\/wp-json\/wp\/v2\/types\/page"}],"author":[{"embeddable":true,"href":"https:\/\/ifmsaspain.org\/index.php\/wp-json\/wp\/v2\/users\/1"}],"replies":[{"embeddable":true,"href":"https:\/\/ifmsaspain.org\/index.php\/wp-json\/wp\/v2\/comments?post=2746"}],"version-history":[{"count":7,"href":"https:\/\/ifmsaspain.org\/index.php\/wp-json\/wp\/v2\/pages\/2746\/revisions"}],"predecessor-version":[{"id":2755,"href":"https:\/\/ifmsaspain.org\/index.php\/wp-json\/wp\/v2\/pages\/2746\/revisions\/2755"}],"wp:attachment":[{"href":"https:\/\/ifmsaspain.org\/index.php\/wp-json\/wp\/v2\/media?parent=2746"}],"curies":[{"name":"wp","href":"https:\/\/api.w.org\/{rel}","templated":true}]}}