{"id":2526,"date":"2023-11-20T06:18:56","date_gmt":"2023-11-20T06:18:56","guid":{"rendered":"https:\/\/ifmsaspain.org\/?page_id=2526"},"modified":"2023-11-20T06:32:54","modified_gmt":"2023-11-20T06:32:54","slug":"politica-de-privacidad","status":"publish","type":"page","link":"https:\/\/ifmsaspain.org\/index.php\/politica-de-privacidad\/","title":{"rendered":"Pol\u00edtica de privacidad"},"content":{"rendered":"\t\t<div data-elementor-type=\"wp-page\" data-elementor-id=\"2526\" class=\"elementor elementor-2526\">\n\t\t\t\t\t\t\t\t\t<section class=\"elementor-section elementor-top-section elementor-element elementor-element-25132870 elementor-section-content-middle elementor-section-boxed elementor-section-height-default elementor-section-height-default\" data-id=\"25132870\" data-element_type=\"section\" data-settings=\"{&quot;background_background&quot;:&quot;classic&quot;}\">\n\t\t\t\t\t\t<div class=\"elementor-container elementor-column-gap-no\">\n\t\t\t\t\t<div class=\"elementor-column elementor-col-100 elementor-top-column elementor-element elementor-element-20a2c143\" data-id=\"20a2c143\" data-element_type=\"column\">\n\t\t\t<div class=\"elementor-widget-wrap elementor-element-populated\">\n\t\t\t\t\t\t\t\t<div class=\"elementor-element elementor-element-45cb1e19 elementor-widget elementor-widget-heading\" data-id=\"45cb1e19\" data-element_type=\"widget\" data-widget_type=\"heading.default\">\n\t\t\t\t<div class=\"elementor-widget-container\">\n\t\t\t<style>\/*! elementor - v3.17.0 - 08-11-2023 *\/\n.elementor-heading-title{padding:0;margin:0;line-height:1}.elementor-widget-heading .elementor-heading-title[class*=elementor-size-]>a{color:inherit;font-size:inherit;line-height:inherit}.elementor-widget-heading .elementor-heading-title.elementor-size-small{font-size:15px}.elementor-widget-heading .elementor-heading-title.elementor-size-medium{font-size:19px}.elementor-widget-heading .elementor-heading-title.elementor-size-large{font-size:29px}.elementor-widget-heading .elementor-heading-title.elementor-size-xl{font-size:39px}.elementor-widget-heading .elementor-heading-title.elementor-size-xxl{font-size:59px}<\/style><h4 class=\"elementor-heading-title elementor-size-default\">Pol\u00edtica de privacidad<\/h4>\t\t<\/div>\n\t\t\t\t<\/div>\n\t\t\t\t\t<\/div>\n\t\t<\/div>\n\t\t\t\t\t\t\t<\/div>\n\t\t<\/section>\n\t\t\t\t<section class=\"elementor-section elementor-top-section elementor-element elementor-element-79956f2 elementor-section-boxed elementor-section-height-default elementor-section-height-default\" data-id=\"79956f2\" data-element_type=\"section\">\n\t\t\t\t\t\t<div class=\"elementor-container elementor-column-gap-default\">\n\t\t\t\t\t<div class=\"elementor-column elementor-col-100 elementor-top-column elementor-element elementor-element-ceea29d\" data-id=\"ceea29d\" data-element_type=\"column\">\n\t\t\t<div class=\"elementor-widget-wrap elementor-element-populated\">\n\t\t\t\t\t\t\t\t<div class=\"elementor-element elementor-element-abf09a7 elementor-widget elementor-widget-heading\" data-id=\"abf09a7\" data-element_type=\"widget\" data-widget_type=\"heading.default\">\n\t\t\t\t<div class=\"elementor-widget-container\">\n\t\t\t<h2 class=\"elementor-heading-title elementor-size-default\">1. Qui\u00e9nes somos<\/h2>\t\t<\/div>\n\t\t\t\t<\/div>\n\t\t\t\t<div class=\"elementor-element elementor-element-8ca10a1 elementor-widget elementor-widget-text-editor\" data-id=\"8ca10a1\" data-element_type=\"widget\" data-widget_type=\"text-editor.default\">\n\t\t\t\t<div class=\"elementor-widget-container\">\n\t\t\t<style>\/*! elementor - v3.17.0 - 08-11-2023 *\/\n.elementor-widget-text-editor.elementor-drop-cap-view-stacked .elementor-drop-cap{background-color:#69727d;color:#fff}.elementor-widget-text-editor.elementor-drop-cap-view-framed .elementor-drop-cap{color:#69727d;border:3px solid;background-color:transparent}.elementor-widget-text-editor:not(.elementor-drop-cap-view-default) .elementor-drop-cap{margin-top:8px}.elementor-widget-text-editor:not(.elementor-drop-cap-view-default) .elementor-drop-cap-letter{width:1em;height:1em}.elementor-widget-text-editor .elementor-drop-cap{float:left;text-align:center;line-height:1;font-size:50px}.elementor-widget-text-editor .elementor-drop-cap-letter{display:inline-block}<\/style>\t\t\t\t<p>La Federaci\u00f3n Espa\u00f1ola de Asociaciones de Estudiantes de Medicina para la Cooperaci\u00f3n Internacional (IFMSA-Spain) es una organizaci\u00f3n no gubernamental fundada en 1959. Representa a estudiantes de medicina de m\u00e1s de 22 univerisdades de Espa\u00f1a.\u00a0<\/p><p>IFMSA-Spain visualiza mundo en el que todos los estudiantes de medicina se unan por la Salud Global y est\u00e9n equipados con el conocimiento, las habilidades y los valores para asumir roles de liderazgo en salud a nivel local y global.\u00a0Esto se logra liderando iniciativas que impacten positivamente a las comunidades a las que servimos y desarrollando capacidades a trav\u00e9s de oportunidades de capacitaci\u00f3n, proyectos e intercambios, al mismo tiempo que se adopta la diversidad cultural para dar forma a un futuro sostenible y saludable.<\/p>\t\t\t\t\t\t<\/div>\n\t\t\t\t<\/div>\n\t\t\t\t<div class=\"elementor-element elementor-element-442cb3e elementor-widget elementor-widget-heading\" data-id=\"442cb3e\" data-element_type=\"widget\" data-widget_type=\"heading.default\">\n\t\t\t\t<div class=\"elementor-widget-container\">\n\t\t\t<h2 class=\"elementor-heading-title elementor-size-default\">2. Prop\u00f3sito<\/h2>\t\t<\/div>\n\t\t\t\t<\/div>\n\t\t\t\t<div class=\"elementor-element elementor-element-296b871 elementor-widget elementor-widget-text-editor\" data-id=\"296b871\" data-element_type=\"widget\" data-widget_type=\"text-editor.default\">\n\t\t\t\t<div class=\"elementor-widget-container\">\n\t\t\t\t\t\t\t<p>Esta pol\u00edtica de privacidad est\u00e1 dise\u00f1ada para explicarle cu\u00e1ndo, por qu\u00e9 y c\u00f3mo recopilamos informaci\u00f3n personal sobre nuestros miembros, dentro y fuera de este sitio y nuestras listas de correo.\u00a0Esta explicaci\u00f3n incluye c\u00f3mo usamos, almacenamos y las condiciones bajo las cuales podemos revelarlo a otros, y c\u00f3mo lo mantenemos seguro.<\/p><p>Seg\u00fan el Reglamento General de Protecci\u00f3n de Datos (GDPR), IFMSA-Spain califica como \u201cresponsable del tratamiento de datos\u201d.\u00a0Esto significa que somos total o parcialmente responsables de determinar el prop\u00f3sito y los medios para el procesamiento de datos personales.\u00a0Esta ley nos exige informarle sobre la informaci\u00f3n contenida en esta pol\u00edtica de privacidad.<\/p>\t\t\t\t\t\t<\/div>\n\t\t\t\t<\/div>\n\t\t\t\t<div class=\"elementor-element elementor-element-ea3b1b1 elementor-widget elementor-widget-heading\" data-id=\"ea3b1b1\" data-element_type=\"widget\" data-widget_type=\"heading.default\">\n\t\t\t\t<div class=\"elementor-widget-container\">\n\t\t\t<h2 class=\"elementor-heading-title elementor-size-default\">3. Compromisos<\/h2>\t\t<\/div>\n\t\t\t\t<\/div>\n\t\t\t\t\t<\/div>\n\t\t<\/div>\n\t\t\t\t\t\t\t<\/div>\n\t\t<\/section>\n\t\t\t\t<section class=\"elementor-section elementor-top-section elementor-element elementor-element-8f877e5 elementor-section-boxed elementor-section-height-default elementor-section-height-default\" data-id=\"8f877e5\" data-element_type=\"section\">\n\t\t\t\t\t\t<div class=\"elementor-container elementor-column-gap-default\">\n\t\t\t\t\t<div class=\"elementor-column elementor-col-100 elementor-top-column elementor-element elementor-element-38694cb\" data-id=\"38694cb\" data-element_type=\"column\">\n\t\t\t<div class=\"elementor-widget-wrap elementor-element-populated\">\n\t\t\t\t\t\t\t\t<div class=\"elementor-element elementor-element-ddd590e elementor-widget elementor-widget-text-editor\" data-id=\"ddd590e\" data-element_type=\"widget\" data-widget_type=\"text-editor.default\">\n\t\t\t\t<div class=\"elementor-widget-container\">\n\t\t\t\t\t\t\t<p>De acuerdo con los principios b\u00e1sicos del RGPD, nos comprometemos a lo siguiente con respecto al uso que hacemos de sus datos personales:<\/p><ol><li><strong><span>Recopilaci\u00f3n de datos legal, justa y transparente:<\/span><\/strong><span>\u00a0\u00a0nos comprometemos a garantizar que sus datos se recopilen y almacenen de esa manera.<\/span><\/li><li><strong><span>Limitaci\u00f3n del prop\u00f3sito:<\/span><\/strong><span>\u00a0\u00a0nos comprometemos a garantizar que los datos que recopilamos sirvan para un prop\u00f3sito que le sea claramente informado.<\/span><\/li><li><strong><span>Minimizaci\u00f3n de datos:<\/span><\/strong><span>\u00a0\u00a0En l\u00ednea con el punto anterior, tambi\u00e9n nos comprometemos a limitar nuestra recogida a los datos que sean estrictamente necesarios para nuestro fin.<\/span><\/li><li><strong><span>Verdad y Exactitud:<\/span><\/strong><span>\u00a0\u00a0nos comprometemos a garantizar que sus datos se mantengan con la mayor precisi\u00f3n y actualizaci\u00f3n posible.<\/span><\/li><li><strong><span>Limitaci\u00f3n de almacenamiento:<\/span><\/strong><span>\u00a0\u00a0no conservaremos sus datos m\u00e1s tiempo del que los necesitemos para un prop\u00f3sito espec\u00edfico.<\/span><\/li><li><strong><span>Integridad y confidencialidad:<\/span><\/strong><span>\u00a0\u00a0nos comprometemos a garantizar o implementar medidas que garanticen que sus datos reciban un nivel adecuado de seguridad.<\/span><\/li><\/ol><p><span>Ya sea a trav\u00e9s de esta pol\u00edtica de privacidad o de otro modo, con el fin de garantizar un mayor nivel de transparencia, haremos todo lo posible para asegurarnos de que comprenda el prop\u00f3sito de cada recopilaci\u00f3n de datos que hacemos, c\u00f3mo los procesamos y c\u00f3mo usted puede corregirlo o eliminarlo, si lo desea.<\/span><\/p>\t\t\t\t\t\t<\/div>\n\t\t\t\t<\/div>\n\t\t\t\t<div class=\"elementor-element elementor-element-615ccea elementor-widget elementor-widget-heading\" data-id=\"615ccea\" data-element_type=\"widget\" data-widget_type=\"heading.default\">\n\t\t\t\t<div class=\"elementor-widget-container\">\n\t\t\t<h2 class=\"elementor-heading-title elementor-size-default\">4. Recopilaci\u00f3n de la informaci\u00f3n personal. <\/h2>\t\t<\/div>\n\t\t\t\t<\/div>\n\t\t\t\t<div class=\"elementor-element elementor-element-9ef2da8 elementor-widget elementor-widget-text-editor\" data-id=\"9ef2da8\" data-element_type=\"widget\" data-widget_type=\"text-editor.default\">\n\t\t\t\t<div class=\"elementor-widget-container\">\n\t\t\t\t\t\t\t<p>IFMSA-Spain recopila informaci\u00f3n personal a trav\u00e9s de: correo electr\u00f3nico; formularios de solicitud y de inscripci\u00f3n; base de datos de intercambio; contacto directo; medios de comunicaci\u00f3n, etc.<\/p><p>Recopilamos informaci\u00f3n sobre ti cuando interact\u00faas con nosotros a trav\u00e9s de una de las siguientes actividades: participaci\u00f3n en el Programas de Intercambios; asistencia a eventos y encuentros; inscripci\u00f3n en programas de IFMSA-Spain; registro de actividades; oportunidades de representaci\u00f3n externa; encuestas y actividades de investigaci\u00f3n; etc.\u00a0<\/p><p>La informaci\u00f3n personal que recopilamos es: nombre y datos relativos al nacimiento y al lugar de origen; informaci\u00f3n de contacto; datos f\u00edsicos; crr\u00edculum vitae e informaci\u00f3n adicional que pueda ser necesaria seg\u00fan cada caso. En cualquier caso, la necesidad de informaci\u00f3n adicional ser\u00e1 comunicada claramente, incluyendo los motivos de su recopilaci\u00f3n y la draci\u00f3n de su conservaci\u00f3n.<\/p><p>En relaci\u00f3n a la recopilaci\u00f3n de datos del Programa de Intercambios, puedes consultar la pol\u00edtica de privacidad espec\u00edfica <a href=\"https:\/\/ifmsa.org\/exchange-privacy\/\">AQU\u00cd<\/a><\/p>\t\t\t\t\t\t<\/div>\n\t\t\t\t<\/div>\n\t\t\t\t<div class=\"elementor-element elementor-element-9b4c1ea elementor-widget elementor-widget-heading\" data-id=\"9b4c1ea\" data-element_type=\"widget\" data-widget_type=\"heading.default\">\n\t\t\t\t<div class=\"elementor-widget-container\">\n\t\t\t<h2 class=\"elementor-heading-title elementor-size-default\">5. Uso de la informaci\u00f3n.<\/h2>\t\t<\/div>\n\t\t\t\t<\/div>\n\t\t\t\t<div class=\"elementor-element elementor-element-e8d9671 elementor-widget elementor-widget-text-editor\" data-id=\"e8d9671\" data-element_type=\"widget\" data-widget_type=\"text-editor.default\">\n\t\t\t\t<div class=\"elementor-widget-container\">\n\t\t\t\t\t\t\t<p>Los datos que se recopilan siempre est\u00e1n relacionados con las actividades mencionadas anteriormente. IFMSA-Spain no realiza publicidad dirigida, y por tanto, no compartimos ning\u00fan dato con terceros con fines publicitarios o de marketing.\u00a0<\/p><p>Los datos recopilados pueden utilizarse con alguno de los siguientes prop\u00f3sitos: selecci\u00f3n de participantes en actividades o de representaci\u00f3n externa; transmisi\u00f3n de informaci\u00f3n sobre oportunidades y convocatorias; evaluaci\u00f3n de impacto; prestaci\u00f3n de servicio o informaci\u00f3n de nuestras actividades; suministro de datos a organizaciones miembro de IFMSA.<\/p><p>En calquier caso de que IFMSA-Spain vaya a intercambiar datos con terceros, ser\u00e1 notificado de manerea previa a la recopilaci\u00f3n de los datos.<\/p><p>\u00a0<\/p>\t\t\t\t\t\t<\/div>\n\t\t\t\t<\/div>\n\t\t\t\t<div class=\"elementor-element elementor-element-663862a elementor-widget elementor-widget-heading\" data-id=\"663862a\" data-element_type=\"widget\" data-widget_type=\"heading.default\">\n\t\t\t\t<div class=\"elementor-widget-container\">\n\t\t\t<h2 class=\"elementor-heading-title elementor-size-default\">6. Almacenamiento de los datos.<\/h2>\t\t<\/div>\n\t\t\t\t<\/div>\n\t\t\t\t<div class=\"elementor-element elementor-element-da42582 elementor-widget elementor-widget-text-editor\" data-id=\"da42582\" data-element_type=\"widget\" data-widget_type=\"text-editor.default\">\n\t\t\t\t<div class=\"elementor-widget-container\">\n\t\t\t\t\t\t\t<p>Los datos ser\u00e1n almacenados \u00fanicamente durante el tiempo que sea necesario para el prop\u00f3sito de la recopilaci\u00f3n (lo cu\u00e1l ser\u00e1 detallado durante el proceso de recogida).\u00a0<\/p><p>La myaor\u00eda de los datos que recopilamos en nuestro dominio se almacenan en Google Suites.<\/p>\t\t\t\t\t\t<\/div>\n\t\t\t\t<\/div>\n\t\t\t\t<div class=\"elementor-element elementor-element-b33703a elementor-widget elementor-widget-heading\" data-id=\"b33703a\" data-element_type=\"widget\" data-widget_type=\"heading.default\">\n\t\t\t\t<div class=\"elementor-widget-container\">\n\t\t\t<h2 class=\"elementor-heading-title elementor-size-default\">7. Informaci\u00f3n de contacto.<\/h2>\t\t<\/div>\n\t\t\t\t<\/div>\n\t\t\t\t<div class=\"elementor-element elementor-element-9fa6e5b elementor-widget elementor-widget-text-editor\" data-id=\"9fa6e5b\" data-element_type=\"widget\" data-widget_type=\"text-editor.default\">\n\t\t\t\t<div class=\"elementor-widget-container\">\n\t\t\t\t\t\t\t<p>Si encuentra alguna infracci\u00f3n que le gustar\u00eda rectificar o desea obtener m\u00e1s informaci\u00f3n sobre nuestras pol\u00edticas de privacidad, cont\u00e1ctenos a trav\u00e9s del correo contacto@ifmsaspain.org indicando \u00ab[GDPR]\u00bb en el asunto del mensaje.\u00a0<\/p>\t\t\t\t\t\t<\/div>\n\t\t\t\t<\/div>\n\t\t\t\t\t<\/div>\n\t\t<\/div>\n\t\t\t\t\t\t\t<\/div>\n\t\t<\/section>\n\t\t\t\t\t\t\t<\/div>\n\t\t","protected":false},"excerpt":{"rendered":"<p>Pol\u00edtica de privacidad 1. Qui\u00e9nes somos La Federaci\u00f3n Espa\u00f1ola de Asociaciones de Estudiantes de Medicina para la Cooperaci\u00f3n Internacional (IFMSA-Spain) es una organizaci\u00f3n no gubernamental fundada en 1959. Representa a estudiantes de medicina de m\u00e1s de 22 univerisdades de Espa\u00f1a.\u00a0 IFMSA-Spain visualiza mundo en el que todos los estudiantes de medicina se unan por la [&hellip;]<\/p>\n","protected":false},"author":1,"featured_media":0,"parent":0,"menu_order":0,"comment_status":"closed","ping_status":"closed","template":"","meta":{"site-sidebar-layout":"no-sidebar","site-content-layout":"","ast-site-content-layout":"full-width-container","site-content-style":"default","site-sidebar-style":"default","ast-global-header-display":"","ast-banner-title-visibility":"","ast-main-header-display":"","ast-hfb-above-header-display":"","ast-hfb-below-header-display":"","ast-hfb-mobile-header-display":"","site-post-title":"disabled","ast-breadcrumbs-content":"","ast-featured-img":"disabled","footer-sml-layout":"","theme-transparent-header-meta":"","adv-header-id-meta":"","stick-header-meta":"","header-above-stick-meta":"","header-main-stick-meta":"","header-below-stick-meta":"","astra-migrate-meta-layouts":"default","ast-page-background-enabled":"default","ast-page-background-meta":{"desktop":{"background-color":"var(--ast-global-color-4)","background-image":"","background-repeat":"repeat","background-position":"center center","background-size":"auto","background-attachment":"scroll","background-type":"","background-media":"","overlay-type":"","overlay-color":"","overlay-opacity":"","overlay-gradient":""},"tablet":{"background-color":"","background-image":"","background-repeat":"repeat","background-position":"center center","background-size":"auto","background-attachment":"scroll","background-type":"","background-media":"","overlay-type":"","overlay-color":"","overlay-opacity":"","overlay-gradient":""},"mobile":{"background-color":"","background-image":"","background-repeat":"repeat","background-position":"center center","background-size":"auto","background-attachment":"scroll","background-type":"","background-media":"","overlay-type":"","overlay-color":"","overlay-opacity":"","overlay-gradient":""}},"ast-content-background-meta":{"desktop":{"background-color":"var(--ast-global-color-5)","background-image":"","background-repeat":"repeat","background-position":"center center","background-size":"auto","background-attachment":"scroll","background-type":"","background-media":"","overlay-type":"","overlay-color":"","overlay-opacity":"","overlay-gradient":""},"tablet":{"background-color":"var(--ast-global-color-5)","background-image":"","background-repeat":"repeat","background-position":"center center","background-size":"auto","background-attachment":"scroll","background-type":"","background-media":"","overlay-type":"","overlay-color":"","overlay-opacity":"","overlay-gradient":""},"mobile":{"background-color":"var(--ast-global-color-5)","background-image":"","background-repeat":"repeat","background-position":"center center","background-size":"auto","background-attachment":"scroll","background-type":"","background-media":"","overlay-type":"","overlay-color":"","overlay-opacity":"","overlay-gradient":""}},"footnotes":""},"class_list":["post-2526","page","type-page","status-publish","hentry"],"_links":{"self":[{"href":"https:\/\/ifmsaspain.org\/index.php\/wp-json\/wp\/v2\/pages\/2526","targetHints":{"allow":["GET"]}}],"collection":[{"href":"https:\/\/ifmsaspain.org\/index.php\/wp-json\/wp\/v2\/pages"}],"about":[{"href":"https:\/\/ifmsaspain.org\/index.php\/wp-json\/wp\/v2\/types\/page"}],"author":[{"embeddable":true,"href":"https:\/\/ifmsaspain.org\/index.php\/wp-json\/wp\/v2\/users\/1"}],"replies":[{"embeddable":true,"href":"https:\/\/ifmsaspain.org\/index.php\/wp-json\/wp\/v2\/comments?post=2526"}],"version-history":[{"count":4,"href":"https:\/\/ifmsaspain.org\/index.php\/wp-json\/wp\/v2\/pages\/2526\/revisions"}],"predecessor-version":[{"id":2530,"href":"https:\/\/ifmsaspain.org\/index.php\/wp-json\/wp\/v2\/pages\/2526\/revisions\/2530"}],"wp:attachment":[{"href":"https:\/\/ifmsaspain.org\/index.php\/wp-json\/wp\/v2\/media?parent=2526"}],"curies":[{"name":"wp","href":"https:\/\/api.w.org\/{rel}","templated":true}]}}